{"id":1828,"date":"2021-06-11T21:45:06","date_gmt":"2021-06-11T21:45:06","guid":{"rendered":"https:\/\/www.science-metrix.com\/?page_id=1828"},"modified":"2021-11-30T20:24:32","modified_gmt":"2021-11-30T20:24:32","slug":"project-partners","status":"publish","type":"page","link":"https:\/\/www.science-metrix.com\/fr\/project-partners\/","title":{"rendered":"Partenaires de projets"},"content":{"rendered":"<div data-elementor-type=\"wp-page\" data-elementor-id=\"1828\" class=\"elementor elementor-1828\" data-elementor-post-type=\"page\">\n\t\t\t\t\t\t<section class=\"elementor-section elementor-top-section elementor-element elementor-element-53e947ea elementor-section-boxed elementor-section-height-default elementor-section-height-default\" data-id=\"53e947ea\" data-element_type=\"section\" data-e-type=\"section\">\n\t\t\t\t\t\t<div class=\"elementor-container elementor-column-gap-default\">\n\t\t\t\t\t<div class=\"elementor-column elementor-col-100 elementor-top-column elementor-element elementor-element-307096e5\" data-id=\"307096e5\" data-element_type=\"column\" data-e-type=\"column\">\n\t\t\t<div class=\"elementor-widget-wrap elementor-element-populated\">\n\t\t\t\t\t\t<div class=\"elementor-element elementor-element-735c5681 elementor-hidden-tablet elementor-hidden-mobile elementor-widget elementor-widget-spacer\" data-id=\"735c5681\" data-element_type=\"widget\" data-e-type=\"widget\" data-widget_type=\"spacer.default\">\n\t\t\t\t<div class=\"elementor-widget-container\">\n\t\t\t\t\t\t\t<div class=\"elementor-spacer\">\n\t\t\t<div class=\"elementor-spacer-inner\"><\/div>\n\t\t<\/div>\n\t\t\t\t\t\t<\/div>\n\t\t\t\t<\/div>\n\t\t\t\t<div class=\"elementor-element elementor-element-7e7f47ae elementor-widget elementor-widget-heading\" data-id=\"7e7f47ae\" data-element_type=\"widget\" data-e-type=\"widget\" data-widget_type=\"heading.default\">\n\t\t\t\t<div class=\"elementor-widget-container\">\n\t\t\t\t\t<h2 class=\"elementor-heading-title elementor-size-default\">Partenaires de projets<\/h2>\t\t\t\t<\/div>\n\t\t\t\t<\/div>\n\t\t\t\t\t<\/div>\n\t\t<\/div>\n\t\t\t\t\t<\/div>\n\t\t<\/section>\n\t\t\t\t<section class=\"elementor-section elementor-top-section elementor-element elementor-element-5e1eeae1 elementor-section-boxed elementor-section-height-default elementor-section-height-default\" data-id=\"5e1eeae1\" data-element_type=\"section\" data-e-type=\"section\">\n\t\t\t\t\t\t<div class=\"elementor-container elementor-column-gap-wider\">\n\t\t\t\t\t<div class=\"elementor-column elementor-col-50 elementor-top-column elementor-element elementor-element-6d78fb6c\" data-id=\"6d78fb6c\" data-element_type=\"column\" data-e-type=\"column\">\n\t\t\t<div class=\"elementor-widget-wrap elementor-element-populated\">\n\t\t\t\t\t\t<div class=\"elementor-element elementor-element-5cc721c elementor-hidden-tablet elementor-hidden-mobile elementor-widget elementor-widget-spacer\" data-id=\"5cc721c\" data-element_type=\"widget\" data-e-type=\"widget\" data-widget_type=\"spacer.default\">\n\t\t\t\t<div class=\"elementor-widget-container\">\n\t\t\t\t\t\t\t<div class=\"elementor-spacer\">\n\t\t\t<div class=\"elementor-spacer-inner\"><\/div>\n\t\t<\/div>\n\t\t\t\t\t\t<\/div>\n\t\t\t\t<\/div>\n\t\t\t\t<div class=\"elementor-element elementor-element-5cfafa98 elementor-widget elementor-widget-heading\" data-id=\"5cfafa98\" data-element_type=\"widget\" data-e-type=\"widget\" data-widget_type=\"heading.default\">\n\t\t\t\t<div class=\"elementor-widget-container\">\n\t\t\t\t\t<h4 class=\"elementor-heading-title elementor-size-default\">Vous avez besoin d\u2019expertise en bibliom\u00e9trie pour une soumission, mais vous ne l\u2019avez pas \u00e0 l\u2019interne ? <\/h4>\t\t\t\t<\/div>\n\t\t\t\t<\/div>\n\t\t\t\t<div class=\"elementor-element elementor-element-6c58490b elementor-widget elementor-widget-text-editor\" data-id=\"6c58490b\" data-element_type=\"widget\" data-e-type=\"widget\" data-widget_type=\"text-editor.default\">\n\t\t\t\t<div class=\"elementor-widget-container\">\n\t\t\t\t\t\t\t\t\t<p>Nous sommes toujours ouverts \u00e0 l\u2019id\u00e9e de former un partenariat avec d\u2019autres organismes ou d\u2019agir \u00e0 titre de sous-traitants pour combler toutes les exigences d\u2019un projet. Nous avons d\u00e9velopp\u00e9 l\u2019expertise n\u00e9cessaire pour appliquer des m\u00e9thodes d\u2019\u00e9valuation mixtes et d\u2019analyse \u00e0 nos projets, et nous savons comment combiner efficacement notre expertise en analyses quantitatives \u00e0 des m\u00e9thodes d\u2019analyse qualitative pour produire une \u00e9valuation des plus compl\u00e8tes.<\/p><p>Que vous ayez besoin d\u2019un partenaire sp\u00e9cialis\u00e9 en bibliom\u00e9trie ou de conseils pour d\u00e9velopper une m\u00e9thode d\u2019\u00e9valuation mixte, votre soumission ou votre projet pourrait b\u00e9n\u00e9ficier de notre expertise en analyses quantitatives et qualitatives.<\/p>\t\t\t\t\t\t\t\t<\/div>\n\t\t\t\t<\/div>\n\t\t\t\t\t<\/div>\n\t\t<\/div>\n\t\t\t\t<div class=\"elementor-column elementor-col-50 elementor-top-column elementor-element elementor-element-892f521\" data-id=\"892f521\" data-element_type=\"column\" data-e-type=\"column\">\n\t\t\t<div class=\"elementor-widget-wrap elementor-element-populated\">\n\t\t\t\t\t\t<div class=\"elementor-element elementor-element-3ac2adfb elementor-widget elementor-widget-text-editor\" data-id=\"3ac2adfb\" data-element_type=\"widget\" data-e-type=\"widget\" data-widget_type=\"text-editor.default\">\n\t\t\t\t<div class=\"elementor-widget-container\">\n\t\t\t\t\t\t\t\t\t<p>Nous travaillons r\u00e9guli\u00e8rement en collaboration avec des compagnies d\u2019envergure internationale qui \u0153uvrent dans l\u2019\u00e9valuation de programmes.<\/p><p><a href=\"mailto:info@science-metrix.com?subject=Consortium%20partner%20query\">Communiquez avec nous<\/a> pour discuter des possibilit\u00e9s de travailler ensemble.<\/p>\t\t\t\t\t\t\t\t<\/div>\n\t\t\t\t<\/div>\n\t\t\t\t\t<\/div>\n\t\t<\/div>\n\t\t\t\t\t<\/div>\n\t\t<\/section>\n\t\t\t\t<section class=\"elementor-section elementor-top-section elementor-element elementor-element-2c2a8b0b elementor-section-boxed elementor-section-height-default elementor-section-height-default\" data-id=\"2c2a8b0b\" data-element_type=\"section\" data-e-type=\"section\">\n\t\t\t\t\t\t<div class=\"elementor-container elementor-column-gap-default\">\n\t\t\t\t\t<div class=\"elementor-column elementor-col-100 elementor-top-column elementor-element elementor-element-75bc221c\" data-id=\"75bc221c\" data-element_type=\"column\" data-e-type=\"column\">\n\t\t\t<div class=\"elementor-widget-wrap elementor-element-populated\">\n\t\t\t\t\t\t<div class=\"elementor-element elementor-element-3088d039 elementor-widget elementor-widget-heading\" data-id=\"3088d039\" data-element_type=\"widget\" data-e-type=\"widget\" data-widget_type=\"heading.default\">\n\t\t\t\t<div class=\"elementor-widget-container\">\n\t\t\t\t\t<h2 class=\"elementor-heading-title elementor-size-default\">PPMI<\/h2>\t\t\t\t<\/div>\n\t\t\t\t<\/div>\n\t\t\t\t\t<\/div>\n\t\t<\/div>\n\t\t\t\t\t<\/div>\n\t\t<\/section>\n\t\t\t\t<section class=\"elementor-section elementor-top-section elementor-element elementor-element-24a687de elementor-section-boxed elementor-section-height-default elementor-section-height-default\" data-id=\"24a687de\" data-element_type=\"section\" data-e-type=\"section\">\n\t\t\t\t\t\t<div class=\"elementor-container elementor-column-gap-default\">\n\t\t\t\t\t<div class=\"elementor-column elementor-col-100 elementor-top-column elementor-element elementor-element-28c5def8\" data-id=\"28c5def8\" data-element_type=\"column\" data-e-type=\"column\">\n\t\t\t<div class=\"elementor-widget-wrap elementor-element-populated\">\n\t\t\t\t\t\t<div class=\"elementor-element elementor-element-5f32df3 elementor-grid-3 elementor-grid-tablet-2 elementor-grid-mobile-1 elementor-widget elementor-widget-portfolio\" data-id=\"5f32df3\" data-element_type=\"widget\" data-e-type=\"widget\" data-settings=\"{&quot;columns&quot;:&quot;3&quot;,&quot;columns_tablet&quot;:&quot;2&quot;,&quot;columns_mobile&quot;:&quot;1&quot;,&quot;item_ratio&quot;:{&quot;unit&quot;:&quot;px&quot;,&quot;size&quot;:0.66,&quot;sizes&quot;:[]},&quot;item_gap&quot;:{&quot;unit&quot;:&quot;px&quot;,&quot;size&quot;:&quot;&quot;,&quot;sizes&quot;:[]},&quot;row_gap&quot;:{&quot;unit&quot;:&quot;px&quot;,&quot;size&quot;:&quot;&quot;,&quot;sizes&quot;:[]}}\" data-widget_type=\"portfolio.default\">\n\t\t\t\t<div class=\"elementor-widget-container\">\n\t\t\t\t\t\t\t<div class=\"elementor-portfolio elementor-grid elementor-posts-container\">\n\t\t\t\t<article class=\"elementor-portfolio-item elementor-post  post-4135 post type-post status-publish format-standard has-post-thumbnail hentry category-reports tag-bibliometrics tag-european-commission tag-indicator-development tag-patents tag-policy tag-ppmi tag-sdgs\">\n\t\t\t<a class=\"elementor-post__thumbnail__link\" href=\"https:\/\/www.science-metrix.com\/fr\/provision-and-analysis-of-key-indicators-in-research-and-innovation-final-report\/\">\n\t\t\t\t<div class=\"elementor-portfolio-item__img elementor-post__thumbnail\">\n\t\t\t<img decoding=\"async\" width=\"300\" height=\"151\" src=\"https:\/\/www.science-metrix.com\/wp-content\/uploads\/2021\/12\/iStock-854381962-300x151.jpg\" class=\"attachment-medium size-medium wp-image-4082\" alt=\"\" srcset=\"https:\/\/www.science-metrix.com\/wp-content\/uploads\/2021\/12\/iStock-854381962-300x151.jpg 300w, https:\/\/www.science-metrix.com\/wp-content\/uploads\/2021\/12\/iStock-854381962-1024x514.jpg 1024w, https:\/\/www.science-metrix.com\/wp-content\/uploads\/2021\/12\/iStock-854381962-768x386.jpg 768w, https:\/\/www.science-metrix.com\/wp-content\/uploads\/2021\/12\/iStock-854381962-1536x771.jpg 1536w, https:\/\/www.science-metrix.com\/wp-content\/uploads\/2021\/12\/iStock-854381962-2048x1028.jpg 2048w, https:\/\/www.science-metrix.com\/wp-content\/uploads\/2021\/12\/iStock-854381962-18x9.jpg 18w\" sizes=\"(max-width: 300px) 100vw, 300px\" \/>\t\t<\/div>\n\t\t\t\t<div class=\"elementor-portfolio-item__overlay\">\n\t\t\t\t<h3 class=\"elementor-portfolio-item__title\">\n\t\tApprovisionnement et analyse des indicateurs cl\u00e9s sur la recherche et l\u2019innovation : rapport final\t\t<\/h3>\n\t\t\t\t<\/div>\n\t\t\t\t<\/a>\n\t\t<\/article>\n\t\t\t\t<article class=\"elementor-portfolio-item elementor-post  post-4168 post type-post status-publish format-standard has-post-thumbnail hentry category-reports tag-bibliometrics tag-european-commission tag-patents tag-policy tag-ppmi tag-research-collaboration\">\n\t\t\t<a class=\"elementor-post__thumbnail__link\" href=\"https:\/\/www.science-metrix.com\/fr\/provision-and-analysis-of-key-indicators-in-research-and-innovation-policy-briefs-a-to-g\/\">\n\t\t\t\t<div class=\"elementor-portfolio-item__img elementor-post__thumbnail\">\n\t\t\t<img fetchpriority=\"high\" decoding=\"async\" width=\"300\" height=\"169\" src=\"https:\/\/www.science-metrix.com\/wp-content\/uploads\/2021\/10\/iStock-854381902-300x169.jpg\" class=\"attachment-medium size-medium wp-image-4255\" alt=\"\" srcset=\"https:\/\/www.science-metrix.com\/wp-content\/uploads\/2021\/10\/iStock-854381902-300x169.jpg 300w, https:\/\/www.science-metrix.com\/wp-content\/uploads\/2021\/10\/iStock-854381902-1024x576.jpg 1024w, https:\/\/www.science-metrix.com\/wp-content\/uploads\/2021\/10\/iStock-854381902-768x432.jpg 768w, https:\/\/www.science-metrix.com\/wp-content\/uploads\/2021\/10\/iStock-854381902-1536x864.jpg 1536w, https:\/\/www.science-metrix.com\/wp-content\/uploads\/2021\/10\/iStock-854381902-2048x1152.jpg 2048w, https:\/\/www.science-metrix.com\/wp-content\/uploads\/2021\/10\/iStock-854381902-18x10.jpg 18w\" sizes=\"(max-width: 300px) 100vw, 300px\" \/>\t\t<\/div>\n\t\t\t\t<div class=\"elementor-portfolio-item__overlay\">\n\t\t\t\t<h3 class=\"elementor-portfolio-item__title\">\n\t\tApprovisionnement et analyse des indicateurs cl\u00e9s sur la recherche et l\u2019innovation : notes de breffage A \u00e0 G\t\t<\/h3>\n\t\t\t\t<\/div>\n\t\t\t\t<\/a>\n\t\t<\/article>\n\t\t\t\t<article class=\"elementor-portfolio-item elementor-post  post-4219 post type-post status-publish format-standard has-post-thumbnail hentry category-reports tag-bibliometrics tag-european-commission tag-ppmi tag-sdgs\">\n\t\t\t<a class=\"elementor-post__thumbnail__link\" href=\"https:\/\/www.science-metrix.com\/fr\/provision-and-analysis-of-key-indicators-in-research-and-innovation-final-study-approach-report-and-methods\/\">\n\t\t\t\t<div class=\"elementor-portfolio-item__img elementor-post__thumbnail\">\n\t\t\t<img decoding=\"async\" width=\"300\" height=\"151\" src=\"https:\/\/www.science-metrix.com\/wp-content\/uploads\/2021\/12\/iStock-854381962-300x151.jpg\" class=\"attachment-medium size-medium wp-image-4082\" alt=\"\" srcset=\"https:\/\/www.science-metrix.com\/wp-content\/uploads\/2021\/12\/iStock-854381962-300x151.jpg 300w, https:\/\/www.science-metrix.com\/wp-content\/uploads\/2021\/12\/iStock-854381962-1024x514.jpg 1024w, https:\/\/www.science-metrix.com\/wp-content\/uploads\/2021\/12\/iStock-854381962-768x386.jpg 768w, https:\/\/www.science-metrix.com\/wp-content\/uploads\/2021\/12\/iStock-854381962-1536x771.jpg 1536w, https:\/\/www.science-metrix.com\/wp-content\/uploads\/2021\/12\/iStock-854381962-2048x1028.jpg 2048w, https:\/\/www.science-metrix.com\/wp-content\/uploads\/2021\/12\/iStock-854381962-18x9.jpg 18w\" sizes=\"(max-width: 300px) 100vw, 300px\" \/>\t\t<\/div>\n\t\t\t\t<div class=\"elementor-portfolio-item__overlay\">\n\t\t\t\t<h3 class=\"elementor-portfolio-item__title\">\n\t\tApprovisionnement et analyse des indicateurs cl\u00e9s sur la recherche et l\u2019innovation : rapport m\u00e9thodologique final\t\t<\/h3>\n\t\t\t\t<\/div>\n\t\t\t\t<\/a>\n\t\t<\/article>\n\t\t\t\t<article class=\"elementor-portfolio-item elementor-post  post-1959 post type-post status-publish format-standard has-post-thumbnail hentry category-reports tag-bibliometrics tag-european-commission tag-mixed-methods tag-ppmi\">\n\t\t\t<a class=\"elementor-post__thumbnail__link\" href=\"https:\/\/www.science-metrix.com\/fr\/era-progress-report-2018\/\">\n\t\t\t\t<div class=\"elementor-portfolio-item__img elementor-post__thumbnail\">\n\t\t\t<img decoding=\"async\" width=\"300\" height=\"200\" src=\"https:\/\/www.science-metrix.com\/wp-content\/uploads\/2021\/07\/iStock_000077944167_XXXLarge-300x200.jpg\" class=\"attachment-medium size-medium wp-image-1962\" alt=\"\" srcset=\"https:\/\/www.science-metrix.com\/wp-content\/uploads\/2021\/07\/iStock_000077944167_XXXLarge-300x200.jpg 300w, https:\/\/www.science-metrix.com\/wp-content\/uploads\/2021\/07\/iStock_000077944167_XXXLarge-16x12.jpg 16w, https:\/\/www.science-metrix.com\/wp-content\/uploads\/2021\/07\/iStock_000077944167_XXXLarge.jpg 480w\" sizes=\"(max-width: 300px) 100vw, 300px\" \/>\t\t<\/div>\n\t\t\t\t<div class=\"elementor-portfolio-item__overlay\">\n\t\t\t\t<h3 class=\"elementor-portfolio-item__title\">\n\t\tRapport sur les progr\u00e8s de l\u2019EER 2018\t\t<\/h3>\n\t\t\t\t<\/div>\n\t\t\t\t<\/a>\n\t\t<\/article>\n\t\t\t\t<\/div>\n\t\t\t\t\t\t<\/div>\n\t\t\t\t<\/div>\n\t\t\t\t\t<\/div>\n\t\t<\/div>\n\t\t\t\t\t<\/div>\n\t\t<\/section>\n\t\t\t\t<\/div>","protected":false},"excerpt":{"rendered":"<p>Project partners Need bibliometric expertise to fulfil a brief but don&#8217;t have it in-house? Science-Metrix is always open to discussions about partnering on consortium projects or subcontracting our services. We have specialized in mixed-methods evaluations and analysis since 2005 and have a deep understanding of how our quantitative expertise can complement qualitative methods in S&amp;T-related [&hellip;]<\/p>\n","protected":false},"author":2,"featured_media":0,"parent":0,"menu_order":0,"comment_status":"closed","ping_status":"closed","template":"","meta":{"footnotes":""},"class_list":["post-1828","page","type-page","status-publish","hentry"],"yoast_head":"<!-- This site is optimized with the Yoast SEO plugin v25.3 - https:\/\/yoast.com\/wordpress\/plugins\/seo\/ -->\n<title>Project partners - Science-Metrix<\/title>\n<meta name=\"robots\" content=\"index, follow, max-snippet:-1, max-image-preview:large, max-video-preview:-1\" \/>\n<link rel=\"canonical\" href=\"https:\/\/science-metrix.com\/project-partners\/\" \/>\n<meta property=\"og:locale\" content=\"fr_CA\" \/>\n<meta property=\"og:type\" content=\"article\" \/>\n<meta property=\"og:title\" content=\"Project partners - Science-Metrix\" \/>\n<meta property=\"og:description\" content=\"Project partners Need bibliometric expertise to fulfil a brief but don&#8217;t have it in-house? Science-Metrix is always open to discussions about partnering on consortium projects or subcontracting our services. We have specialized in mixed-methods evaluations and analysis since 2005 and have a deep understanding of how our quantitative expertise can complement qualitative methods in S&amp;T-related [&hellip;]\" \/>\n<meta property=\"og:url\" content=\"https:\/\/science-metrix.com\/project-partners\/\" \/>\n<meta property=\"og:site_name\" content=\"Science-Metrix\" \/>\n<meta property=\"article:modified_time\" content=\"2021-11-30T20:24:32+00:00\" \/>\n<meta name=\"twitter:card\" content=\"summary_large_image\" \/>\n<meta name=\"twitter:label1\" content=\"Estimation du temps de lecture\" \/>\n\t<meta name=\"twitter:data1\" content=\"1 minute\" \/>\n<script type=\"application\/ld+json\" class=\"yoast-schema-graph\">{\"@context\":\"https:\/\/schema.org\",\"@graph\":[{\"@type\":\"WebPage\",\"@id\":\"https:\/\/science-metrix.com\/project-partners\/\",\"url\":\"https:\/\/science-metrix.com\/project-partners\/\",\"name\":\"Project partners - Science-Metrix\",\"isPartOf\":{\"@id\":\"https:\/\/www.science-metrix.com\/fr\/#website\"},\"datePublished\":\"2021-06-11T21:45:06+00:00\",\"dateModified\":\"2021-11-30T20:24:32+00:00\",\"breadcrumb\":{\"@id\":\"https:\/\/science-metrix.com\/project-partners\/#breadcrumb\"},\"inLanguage\":\"fr-CA\",\"potentialAction\":[{\"@type\":\"ReadAction\",\"target\":[\"https:\/\/science-metrix.com\/project-partners\/\"]}]},{\"@type\":\"BreadcrumbList\",\"@id\":\"https:\/\/science-metrix.com\/project-partners\/#breadcrumb\",\"itemListElement\":[{\"@type\":\"ListItem\",\"position\":1,\"name\":\"Home\",\"item\":\"https:\/\/www.science-metrix.com\/fr\/\"},{\"@type\":\"ListItem\",\"position\":2,\"name\":\"Project partners\"}]},{\"@type\":\"WebSite\",\"@id\":\"https:\/\/www.science-metrix.com\/fr\/#website\",\"url\":\"https:\/\/www.science-metrix.com\/fr\/\",\"name\":\"Science-Metrix\",\"description\":\"\",\"publisher\":{\"@id\":\"https:\/\/www.science-metrix.com\/fr\/#organization\"},\"potentialAction\":[{\"@type\":\"SearchAction\",\"target\":{\"@type\":\"EntryPoint\",\"urlTemplate\":\"https:\/\/www.science-metrix.com\/fr\/?s={search_term_string}\"},\"query-input\":{\"@type\":\"PropertyValueSpecification\",\"valueRequired\":true,\"valueName\":\"search_term_string\"}}],\"inLanguage\":\"fr-CA\"},{\"@type\":\"Organization\",\"@id\":\"https:\/\/www.science-metrix.com\/fr\/#organization\",\"name\":\"Science-Metrix\",\"url\":\"https:\/\/www.science-metrix.com\/fr\/\",\"logo\":{\"@type\":\"ImageObject\",\"inLanguage\":\"fr-CA\",\"@id\":\"https:\/\/www.science-metrix.com\/fr\/#\/schema\/logo\/image\/\",\"url\":\"https:\/\/www.science-metrix.com\/wp-content\/uploads\/2021\/10\/Logo_SM_website.png\",\"contentUrl\":\"https:\/\/www.science-metrix.com\/wp-content\/uploads\/2021\/10\/Logo_SM_website.png\",\"width\":1493,\"height\":199,\"caption\":\"Science-Metrix\"},\"image\":{\"@id\":\"https:\/\/www.science-metrix.com\/fr\/#\/schema\/logo\/image\/\"}}]}<\/script>\n<!-- \/ Yoast SEO plugin. -->","yoast_head_json":{"title":"Project partners - Science-Metrix","robots":{"index":"index","follow":"follow","max-snippet":"max-snippet:-1","max-image-preview":"max-image-preview:large","max-video-preview":"max-video-preview:-1"},"canonical":"https:\/\/science-metrix.com\/project-partners\/","og_locale":"fr_CA","og_type":"article","og_title":"Project partners - Science-Metrix","og_description":"Project partners Need bibliometric expertise to fulfil a brief but don&#8217;t have it in-house? Science-Metrix is always open to discussions about partnering on consortium projects or subcontracting our services. We have specialized in mixed-methods evaluations and analysis since 2005 and have a deep understanding of how our quantitative expertise can complement qualitative methods in S&amp;T-related [&hellip;]","og_url":"https:\/\/science-metrix.com\/project-partners\/","og_site_name":"Science-Metrix","article_modified_time":"2021-11-30T20:24:32+00:00","twitter_card":"summary_large_image","twitter_misc":{"Estimation du temps de lecture":"1 minute"},"schema":{"@context":"https:\/\/schema.org","@graph":[{"@type":"WebPage","@id":"https:\/\/science-metrix.com\/project-partners\/","url":"https:\/\/science-metrix.com\/project-partners\/","name":"Project partners - Science-Metrix","isPartOf":{"@id":"https:\/\/www.science-metrix.com\/fr\/#website"},"datePublished":"2021-06-11T21:45:06+00:00","dateModified":"2021-11-30T20:24:32+00:00","breadcrumb":{"@id":"https:\/\/science-metrix.com\/project-partners\/#breadcrumb"},"inLanguage":"fr-CA","potentialAction":[{"@type":"ReadAction","target":["https:\/\/science-metrix.com\/project-partners\/"]}]},{"@type":"BreadcrumbList","@id":"https:\/\/science-metrix.com\/project-partners\/#breadcrumb","itemListElement":[{"@type":"ListItem","position":1,"name":"Home","item":"https:\/\/www.science-metrix.com\/fr\/"},{"@type":"ListItem","position":2,"name":"Project partners"}]},{"@type":"WebSite","@id":"https:\/\/www.science-metrix.com\/fr\/#website","url":"https:\/\/www.science-metrix.com\/fr\/","name":"Science-Metrix","description":"","publisher":{"@id":"https:\/\/www.science-metrix.com\/fr\/#organization"},"potentialAction":[{"@type":"SearchAction","target":{"@type":"EntryPoint","urlTemplate":"https:\/\/www.science-metrix.com\/fr\/?s={search_term_string}"},"query-input":{"@type":"PropertyValueSpecification","valueRequired":true,"valueName":"search_term_string"}}],"inLanguage":"fr-CA"},{"@type":"Organization","@id":"https:\/\/www.science-metrix.com\/fr\/#organization","name":"Science-Metrix","url":"https:\/\/www.science-metrix.com\/fr\/","logo":{"@type":"ImageObject","inLanguage":"fr-CA","@id":"https:\/\/www.science-metrix.com\/fr\/#\/schema\/logo\/image\/","url":"https:\/\/www.science-metrix.com\/wp-content\/uploads\/2021\/10\/Logo_SM_website.png","contentUrl":"https:\/\/www.science-metrix.com\/wp-content\/uploads\/2021\/10\/Logo_SM_website.png","width":1493,"height":199,"caption":"Science-Metrix"},"image":{"@id":"https:\/\/www.science-metrix.com\/fr\/#\/schema\/logo\/image\/"}}]}},"jetpack_sharing_enabled":true,"_links":{"self":[{"href":"https:\/\/www.science-metrix.com\/fr\/wp-json\/wp\/v2\/pages\/1828","targetHints":{"allow":["GET"]}}],"collection":[{"href":"https:\/\/www.science-metrix.com\/fr\/wp-json\/wp\/v2\/pages"}],"about":[{"href":"https:\/\/www.science-metrix.com\/fr\/wp-json\/wp\/v2\/types\/page"}],"author":[{"embeddable":true,"href":"https:\/\/www.science-metrix.com\/fr\/wp-json\/wp\/v2\/users\/2"}],"replies":[{"embeddable":true,"href":"https:\/\/www.science-metrix.com\/fr\/wp-json\/wp\/v2\/comments?post=1828"}],"version-history":[{"count":39,"href":"https:\/\/www.science-metrix.com\/fr\/wp-json\/wp\/v2\/pages\/1828\/revisions"}],"predecessor-version":[{"id":3950,"href":"https:\/\/www.science-metrix.com\/fr\/wp-json\/wp\/v2\/pages\/1828\/revisions\/3950"}],"wp:attachment":[{"href":"https:\/\/www.science-metrix.com\/fr\/wp-json\/wp\/v2\/media?parent=1828"}],"curies":[{"name":"wp","href":"https:\/\/api.w.org\/{rel}","templated":true}]}}